{"id":1468,"date":"2024-09-19T07:08:05","date_gmt":"2024-09-19T04:08:05","guid":{"rendered":"https:\/\/post-peak.com\/product\/before-sleep-after-sleep-packets\/"},"modified":"2026-04-15T14:54:11","modified_gmt":"2026-04-15T11:54:11","slug":"before-sleep-after-sleep-packets","status":"publish","type":"product","link":"https:\/\/post-peak.com\/lt\/produktas\/before-sleep-after-sleep-packets\/","title":{"rendered":"Post-Peak Recovery Duo (prie\u0161 ir po miego)"},"content":{"rendered":"<p><img loading=\"lazy\" decoding=\"async\" class=\"aligncenter wp-image-884 size-full\" src=\"https:\/\/post-peak.com\/wp-content\/uploads\/2025\/03\/Post-peak-pakuote-su-kapsulemis-1.png\" alt=\"\" width=\"1383\" height=\"1157\" srcset=\"https:\/\/post-peak.com\/wp-content\/uploads\/2025\/03\/Post-peak-pakuote-su-kapsulemis-1.png 1383w, https:\/\/post-peak.com\/wp-content\/uploads\/2025\/03\/Post-peak-pakuote-su-kapsulemis-1-300x251.png 300w, https:\/\/post-peak.com\/wp-content\/uploads\/2025\/03\/Post-peak-pakuote-su-kapsulemis-1-1024x857.png 1024w, https:\/\/post-peak.com\/wp-content\/uploads\/2025\/03\/Post-peak-pakuote-su-kapsulemis-1-768x642.png 768w, https:\/\/post-peak.com\/wp-content\/uploads\/2025\/03\/Post-peak-pakuote-su-kapsulemis-1-1200x1004.png 1200w, https:\/\/post-peak.com\/wp-content\/uploads\/2025\/03\/Post-peak-pakuote-su-kapsulemis-1-600x502.png 600w\" sizes=\"auto, (max-width: 1383px) 100vw, 1383px\" \/><\/p>\n","protected":false},"excerpt":{"rendered":"<p data-start=\"193\" data-end=\"547\">Du unikal\u016bs paketai. Viena galinga patirtis. Kiekvienas i\u0161 31 kruop\u0161\u010diai atrinktos maistin\u0117s med\u017eiagos derini\u0173 sukurtas taip, kad veikt\u0173 kartu su j\u016bs\u0173 k\u016bnu \u2014 o ne prie\u0161 j\u012f \u2014 pad\u0117damas v\u0117l atsigauti po ilg\u0173, neu\u017emir\u0161tam\u0173 nakt\u0173 ir \u201eAfters\u201c, kurie nusit\u0119sia iki saul\u0117tekio. Du paketai, dvi formul\u0117s, vienas tikslas: kad greitai v\u0117l pasijustum\u0117te savimi.<\/p>\n<p data-start=\"549\" data-end=\"675\">Toli gra\u017eu ne placebas \u2014 tai tikslingai sukurta formul\u0117, suteikianti tikrai juntam\u0105 palaikym\u0105 j\u016bs\u0173 k\u016bno nat\u016braliam ritmui.<\/p>\n<p data-start=\"677\" data-end=\"875\">Idealu tais momentais, kai reikia greitai atsitiesti \u2014 po reiv\u0173, \u201eafteri\u0173\u201c, sunki\u0173 nakt\u0173, ilg\u0173 kelioni\u0173, bemiegi\u0173 par\u0173, intensyvi\u0173 treniruo\u010di\u0173 ar bet kokios patirties, kuri i\u0161stumia jus i\u0161 rib\u0173.<\/p>\n<hr data-start=\"877\" data-end=\"880\" \/>\n<p><strong>Vartojimas:\u00a0<\/strong><\/p>\n<ul data-start=\"902\" data-end=\"1013\">\n<li data-start=\"902\" data-end=\"959\">\n<p data-start=\"904\" data-end=\"959\">Pirmas paketas (7 kapsul\u0117s): vartoti prie\u0161 mieg\u0105.<\/p>\n<\/li>\n<li data-start=\"960\" data-end=\"1013\">\n<p data-start=\"962\" data-end=\"1013\">Antras paketas (7 kapsul\u0117s): vartoti atsibudus.<\/p>\n<\/li>\n<\/ul>\n","protected":false},"featured_media":1470,"template":"","meta":{"_acf_changed":false},"product_brand":[],"product_cat":[55],"product_tag":[],"class_list":{"0":"post-1468","1":"product","2":"type-product","3":"status-publish","4":"has-post-thumbnail","6":"product_cat-produktai","8":"first","9":"instock","10":"sale","11":"taxable","12":"shipping-taxable","13":"purchasable","14":"product-type-variable"},"acf":[],"yoast_head":"<!-- This site is optimized with the Yoast SEO plugin v26.5 - https:\/\/yoast.com\/wordpress\/plugins\/seo\/ -->\n<title>Post-Peak Recovery Duo (prie\u0161 ir po miego) - Post-Peak<\/title>\n<meta name=\"description\" content=\"Veiksmingi reiveriams skirti papildai, padedantys atsigauti po rave. Dvigubas paketas \u201ePrie\u0161 mieg\u0105\u201c ir \u201ePo miego\u201c su 31 maistine med\u017eiaga, padedan\u010dia greitai atsigauti po rave.\" \/>\n<meta name=\"robots\" content=\"index, follow, max-snippet:-1, max-image-preview:large, max-video-preview:-1\" \/>\n<link rel=\"canonical\" href=\"https:\/\/post-peak.com\/lt\/produktas\/before-sleep-after-sleep-packets\/\" \/>\n<meta property=\"og:locale\" content=\"lt_LT\" \/>\n<meta property=\"og:type\" content=\"article\" \/>\n<meta property=\"og:title\" content=\"Post-Peak Recovery Duo (prie\u0161 ir po miego) - Post-Peak\" \/>\n<meta property=\"og:description\" content=\"Veiksmingi reiveriams skirti papildai, padedantys atsigauti po rave. Dvigubas paketas \u201ePrie\u0161 mieg\u0105\u201c ir \u201ePo miego\u201c su 31 maistine med\u017eiaga, padedan\u010dia greitai atsigauti po rave.\" \/>\n<meta property=\"og:url\" content=\"https:\/\/post-peak.com\/lt\/produktas\/before-sleep-after-sleep-packets\/\" \/>\n<meta property=\"og:site_name\" content=\"Post-Peak\" \/>\n<meta property=\"article:modified_time\" content=\"2026-04-15T11:54:11+00:00\" \/>\n<meta property=\"og:image\" content=\"https:\/\/post-peak.com\/wp-content\/uploads\/2024\/09\/Post-peak-pakuote-1024x513.png\" \/>\n\t<meta property=\"og:image:width\" content=\"1024\" \/>\n\t<meta property=\"og:image:height\" content=\"513\" \/>\n\t<meta property=\"og:image:type\" content=\"image\/png\" \/>\n<meta name=\"twitter:card\" content=\"summary_large_image\" \/>\n<meta name=\"twitter:label1\" content=\"Numatytas skaitymo laikas\" \/>\n\t<meta name=\"twitter:data1\" content=\"1 minut\u0117\" \/>\n<script type=\"application\/ld+json\" class=\"yoast-schema-graph\">{\"@context\":\"https:\/\/schema.org\",\"@graph\":[{\"@type\":\"WebPage\",\"@id\":\"https:\/\/post-peak.com\/lt\/produktas\/before-sleep-after-sleep-packets\/\",\"url\":\"https:\/\/post-peak.com\/lt\/produktas\/before-sleep-after-sleep-packets\/\",\"name\":\"Post-Peak Recovery Duo (prie\u0161 ir po miego) - Post-Peak\",\"isPartOf\":{\"@id\":\"https:\/\/post-peak.com\/#website\"},\"primaryImageOfPage\":{\"@id\":\"https:\/\/post-peak.com\/lt\/produktas\/before-sleep-after-sleep-packets\/#primaryimage\"},\"image\":{\"@id\":\"https:\/\/post-peak.com\/lt\/produktas\/before-sleep-after-sleep-packets\/#primaryimage\"},\"thumbnailUrl\":\"https:\/\/post-peak.com\/wp-content\/uploads\/2024\/09\/Post-peak-pakuote.png\",\"datePublished\":\"2024-09-19T04:08:05+00:00\",\"dateModified\":\"2026-04-15T11:54:11+00:00\",\"description\":\"Veiksmingi reiveriams skirti papildai, padedantys atsigauti po rave. Dvigubas paketas \u201ePrie\u0161 mieg\u0105\u201c ir \u201ePo miego\u201c su 31 maistine med\u017eiaga, padedan\u010dia greitai atsigauti po rave.\",\"breadcrumb\":{\"@id\":\"https:\/\/post-peak.com\/lt\/produktas\/before-sleep-after-sleep-packets\/#breadcrumb\"},\"inLanguage\":\"lt-LT\",\"potentialAction\":[{\"@type\":\"ReadAction\",\"target\":[\"https:\/\/post-peak.com\/lt\/produktas\/before-sleep-after-sleep-packets\/\"]}]},{\"@type\":\"ImageObject\",\"inLanguage\":\"lt-LT\",\"@id\":\"https:\/\/post-peak.com\/lt\/produktas\/before-sleep-after-sleep-packets\/#primaryimage\",\"url\":\"https:\/\/post-peak.com\/wp-content\/uploads\/2024\/09\/Post-peak-pakuote.png\",\"contentUrl\":\"https:\/\/post-peak.com\/wp-content\/uploads\/2024\/09\/Post-peak-pakuote.png\",\"width\":1381,\"height\":692},{\"@type\":\"BreadcrumbList\",\"@id\":\"https:\/\/post-peak.com\/lt\/produktas\/before-sleep-after-sleep-packets\/#breadcrumb\",\"itemListElement\":[{\"@type\":\"ListItem\",\"position\":1,\"name\":\"Namai\",\"item\":\"https:\/\/post-peak.com\/lt\/\"},{\"@type\":\"ListItem\",\"position\":2,\"name\":\"Parduotuv\u0117\",\"item\":\"https:\/\/post-peak.com\/lt\/pparduotuve\/\"},{\"@type\":\"ListItem\",\"position\":3,\"name\":\"Post-Peak Recovery Duo (prie\u0161 ir po miego)\"}]},{\"@type\":\"WebSite\",\"@id\":\"https:\/\/post-peak.com\/#website\",\"url\":\"https:\/\/post-peak.com\/\",\"name\":\"Post-Peak\",\"description\":\"Joki\u0173 pagiri\u0173\",\"publisher\":{\"@id\":\"https:\/\/post-peak.com\/#organization\"},\"potentialAction\":[{\"@type\":\"SearchAction\",\"target\":{\"@type\":\"EntryPoint\",\"urlTemplate\":\"https:\/\/post-peak.com\/?s={search_term_string}\"},\"query-input\":{\"@type\":\"PropertyValueSpecification\",\"valueRequired\":true,\"valueName\":\"search_term_string\"}}],\"inLanguage\":\"lt-LT\"},{\"@type\":\"Organization\",\"@id\":\"https:\/\/post-peak.com\/#organization\",\"name\":\"Post-Peak\",\"url\":\"https:\/\/post-peak.com\/\",\"logo\":{\"@type\":\"ImageObject\",\"inLanguage\":\"lt-LT\",\"@id\":\"https:\/\/post-peak.com\/#\/schema\/logo\/image\/\",\"url\":\"https:\/\/post-peak.com\/wp-content\/uploads\/2024\/10\/Post-Peak-Vitamins-horizontalus-baltas-dieninis.svg\",\"contentUrl\":\"https:\/\/post-peak.com\/wp-content\/uploads\/2024\/10\/Post-Peak-Vitamins-horizontalus-baltas-dieninis.svg\",\"caption\":\"Post-Peak\"},\"image\":{\"@id\":\"https:\/\/post-peak.com\/#\/schema\/logo\/image\/\"}}]}<\/script>\n<!-- \/ Yoast SEO plugin. -->","yoast_head_json":{"title":"Post-Peak Recovery Duo (prie\u0161 ir po miego) - Post-Peak","description":"Veiksmingi reiveriams skirti papildai, padedantys atsigauti po rave. Dvigubas paketas \u201ePrie\u0161 mieg\u0105\u201c ir \u201ePo miego\u201c su 31 maistine med\u017eiaga, padedan\u010dia greitai atsigauti po rave.","robots":{"index":"index","follow":"follow","max-snippet":"max-snippet:-1","max-image-preview":"max-image-preview:large","max-video-preview":"max-video-preview:-1"},"canonical":"https:\/\/post-peak.com\/lt\/produktas\/before-sleep-after-sleep-packets\/","og_locale":"lt_LT","og_type":"article","og_title":"Post-Peak Recovery Duo (prie\u0161 ir po miego) - Post-Peak","og_description":"Veiksmingi reiveriams skirti papildai, padedantys atsigauti po rave. Dvigubas paketas \u201ePrie\u0161 mieg\u0105\u201c ir \u201ePo miego\u201c su 31 maistine med\u017eiaga, padedan\u010dia greitai atsigauti po rave.","og_url":"https:\/\/post-peak.com\/lt\/produktas\/before-sleep-after-sleep-packets\/","og_site_name":"Post-Peak","article_modified_time":"2026-04-15T11:54:11+00:00","og_image":[{"width":1024,"height":513,"url":"https:\/\/post-peak.com\/wp-content\/uploads\/2024\/09\/Post-peak-pakuote-1024x513.png","type":"image\/png"}],"twitter_card":"summary_large_image","twitter_misc":{"Numatytas skaitymo laikas":"1 minut\u0117"},"schema":{"@context":"https:\/\/schema.org","@graph":[{"@type":"WebPage","@id":"https:\/\/post-peak.com\/lt\/produktas\/before-sleep-after-sleep-packets\/","url":"https:\/\/post-peak.com\/lt\/produktas\/before-sleep-after-sleep-packets\/","name":"Post-Peak Recovery Duo (prie\u0161 ir po miego) - Post-Peak","isPartOf":{"@id":"https:\/\/post-peak.com\/#website"},"primaryImageOfPage":{"@id":"https:\/\/post-peak.com\/lt\/produktas\/before-sleep-after-sleep-packets\/#primaryimage"},"image":{"@id":"https:\/\/post-peak.com\/lt\/produktas\/before-sleep-after-sleep-packets\/#primaryimage"},"thumbnailUrl":"https:\/\/post-peak.com\/wp-content\/uploads\/2024\/09\/Post-peak-pakuote.png","datePublished":"2024-09-19T04:08:05+00:00","dateModified":"2026-04-15T11:54:11+00:00","description":"Veiksmingi reiveriams skirti papildai, padedantys atsigauti po rave. Dvigubas paketas \u201ePrie\u0161 mieg\u0105\u201c ir \u201ePo miego\u201c su 31 maistine med\u017eiaga, padedan\u010dia greitai atsigauti po rave.","breadcrumb":{"@id":"https:\/\/post-peak.com\/lt\/produktas\/before-sleep-after-sleep-packets\/#breadcrumb"},"inLanguage":"lt-LT","potentialAction":[{"@type":"ReadAction","target":["https:\/\/post-peak.com\/lt\/produktas\/before-sleep-after-sleep-packets\/"]}]},{"@type":"ImageObject","inLanguage":"lt-LT","@id":"https:\/\/post-peak.com\/lt\/produktas\/before-sleep-after-sleep-packets\/#primaryimage","url":"https:\/\/post-peak.com\/wp-content\/uploads\/2024\/09\/Post-peak-pakuote.png","contentUrl":"https:\/\/post-peak.com\/wp-content\/uploads\/2024\/09\/Post-peak-pakuote.png","width":1381,"height":692},{"@type":"BreadcrumbList","@id":"https:\/\/post-peak.com\/lt\/produktas\/before-sleep-after-sleep-packets\/#breadcrumb","itemListElement":[{"@type":"ListItem","position":1,"name":"Namai","item":"https:\/\/post-peak.com\/lt\/"},{"@type":"ListItem","position":2,"name":"Parduotuv\u0117","item":"https:\/\/post-peak.com\/lt\/pparduotuve\/"},{"@type":"ListItem","position":3,"name":"Post-Peak Recovery Duo (prie\u0161 ir po miego)"}]},{"@type":"WebSite","@id":"https:\/\/post-peak.com\/#website","url":"https:\/\/post-peak.com\/","name":"Post-Peak","description":"Joki\u0173 pagiri\u0173","publisher":{"@id":"https:\/\/post-peak.com\/#organization"},"potentialAction":[{"@type":"SearchAction","target":{"@type":"EntryPoint","urlTemplate":"https:\/\/post-peak.com\/?s={search_term_string}"},"query-input":{"@type":"PropertyValueSpecification","valueRequired":true,"valueName":"search_term_string"}}],"inLanguage":"lt-LT"},{"@type":"Organization","@id":"https:\/\/post-peak.com\/#organization","name":"Post-Peak","url":"https:\/\/post-peak.com\/","logo":{"@type":"ImageObject","inLanguage":"lt-LT","@id":"https:\/\/post-peak.com\/#\/schema\/logo\/image\/","url":"https:\/\/post-peak.com\/wp-content\/uploads\/2024\/10\/Post-Peak-Vitamins-horizontalus-baltas-dieninis.svg","contentUrl":"https:\/\/post-peak.com\/wp-content\/uploads\/2024\/10\/Post-Peak-Vitamins-horizontalus-baltas-dieninis.svg","caption":"Post-Peak"},"image":{"@id":"https:\/\/post-peak.com\/#\/schema\/logo\/image\/"}}]}},"_links":{"self":[{"href":"https:\/\/post-peak.com\/lt\/wp-json\/wp\/v2\/product\/1468","targetHints":{"allow":["GET"]}}],"collection":[{"href":"https:\/\/post-peak.com\/lt\/wp-json\/wp\/v2\/product"}],"about":[{"href":"https:\/\/post-peak.com\/lt\/wp-json\/wp\/v2\/types\/product"}],"wp:featuredmedia":[{"embeddable":true,"href":"https:\/\/post-peak.com\/lt\/wp-json\/wp\/v2\/media\/1470"}],"wp:attachment":[{"href":"https:\/\/post-peak.com\/lt\/wp-json\/wp\/v2\/media?parent=1468"}],"wp:term":[{"taxonomy":"product_brand","embeddable":true,"href":"https:\/\/post-peak.com\/lt\/wp-json\/wp\/v2\/product_brand?post=1468"},{"taxonomy":"product_cat","embeddable":true,"href":"https:\/\/post-peak.com\/lt\/wp-json\/wp\/v2\/product_cat?post=1468"},{"taxonomy":"product_tag","embeddable":true,"href":"https:\/\/post-peak.com\/lt\/wp-json\/wp\/v2\/product_tag?post=1468"}],"curies":[{"name":"wp","href":"https:\/\/api.w.org\/{rel}","templated":true}]}}